{"id":205,"date":"2022-07-15T15:17:20","date_gmt":"2022-07-15T15:17:20","guid":{"rendered":"http:\/\/gril\/?page_id=205"},"modified":"2026-04-13T23:18:49","modified_gmt":"2026-04-13T23:18:49","slug":"nos-partenaires","status":"publish","type":"page","link":"https:\/\/www.gril-ujkz.com\/index.php\/nos-partenaires\/","title":{"rendered":"Nos Partenaires"},"content":{"rendered":"\n<table style=\"width: 100%;\" border=\"1\">\n<tbody>\n<tr>\n<td style=\"width: 50%;\">\n<figure id=\"attachment_202\" aria-describedby=\"caption-attachment-202\" style=\"width: 228px\" class=\"wp-caption aligncenter\"><a href=\"https:\/\/www.cirad.fr\/\" target=\"_blank\" rel=\"noopener\"><img decoding=\"async\" src=\"http:\/\/gril\/wp-content\/uploads\/2022\/07\/cirad.jpg\" alt=\"\" width=\"228\" height=\"100\" \/><\/a><figcaption id=\"caption-attachment-202\" class=\"wp-caption-text\"><center><a href=\"https:\/\/www.cirad.fr\/\" target=\"_blank\" rel=\"noopener\">CIRAD &#8211; Centre de Coop\u00e9ration Internationale en Recherche Agronomique pour le D\u00e9veloppement<\/a><\/center><\/figcaption><\/figure>\n<p><figure id=\"attachment_202\" aria-describedby=\"caption-attachment-202\" style=\"width: 283px\" class=\"wp-caption aligncenter\"><a href=\"https:\/\/www.cirad.fr\/\"><img decoding=\"async\" src=\"http:\/\/www.gril-ujkz.com\/wp-content\/uploads\/2022\/07\/cirad.jpg\" alt=\"\" width=\"283\" height=\"124\" \/><\/a><figcaption id=\"caption-attachment-202\" class=\"wp-caption-text\">CIRAD &#8211; Centre de Coop\u00e9ration Internationale en Recherche Agronomique pour le D\u00e9veloppement<\/figcaption><\/figure><\/td>\n<td style=\"width: 49.8276%;\"><a href=\"http:\/\/www.urbanfoodplus.org\/index.php?id=5\" target=\"_blank\" rel=\"noopener\"><img decoding=\"async\" src=\"http:\/\/gril\/wp-content\/uploads\/2022\/07\/Urban-Food-Plus-300x284.png\" alt=\"\" width=\"179\" height=\"169\" \/><\/a><a style=\"font-weight: bold; font-size: 0.8125rem; font-style: italic; font-family: inherit;\" href=\"http:\/\/www.urbanfoodplus.org\/\"><img loading=\"lazy\" decoding=\"async\" src=\"http:\/\/www.gril-ujkz.com\/wp-content\/uploads\/2022\/07\/Urban-Food-Plus-300x284.png\" alt=\"\" width=\"120\" height=\"114\" \/><\/a><\/p>\n<p style=\"text-align: center;\"><a href=\"http:\/\/www.urbanfoodplus.org\/\" target=\"_blank\" rel=\"noopener\">Urban Food Plus &#8211; African-German partnership to enhance resource use efficiency and improve food security in urban and peri-urban agriculture of West African cities<\/a><\/p>\n<\/td>\n<\/tr>\n<tr>\n<td style=\"width: 50%;\">\n<p><figure id=\"attachment_200\" aria-describedby=\"caption-attachment-200\" style=\"width: 255px\" class=\"wp-caption aligncenter\"><a href=\"https:\/\/www.cnrs.fr\/fr\/page-daccueil\"><img loading=\"lazy\" decoding=\"async\" src=\"http:\/\/www.gril-ujkz.com\/wp-content\/uploads\/2022\/07\/cnrs.png\" alt=\"\" width=\"255\" height=\"78\" \/><\/a><figcaption id=\"caption-attachment-200\" class=\"wp-caption-text\"><a href=\"https:\/\/fondation-cnrs.org\/\" target=\"_blank\" rel=\"noopener\">CNRS &#8211; Centre National de la Recherche Scientifque Unique organisme de recherche fran\u00e7ais pluridisciplinaire, acteur cl\u00e9 de la recherche internationale et innovateur reconnu allie excellence, libert\u00e9 de la recherche, transdisciplinarit\u00e9 et valorisation des r\u00e9sultats.<\/a><\/figcaption><\/figure><\/td>\n<td style=\"width: 49.8276%;\">\n<p><figure id=\"attachment_204\" aria-describedby=\"caption-attachment-204\" style=\"width: 219px\" class=\"wp-caption aligncenter\"><a href=\"https:\/\/www.uni-goettingen.de\/en\/1.html\" target=\"_blanc\" rel=\"noopener\"><img loading=\"lazy\" decoding=\"async\" src=\"http:\/\/gril\/wp-content\/uploads\/2022\/07\/Georg-August-Universitat_Gottingen_Logo.svg_-300x59.png\" alt=\"\" width=\"219\" height=\"43\" \/><\/a><figcaption id=\"caption-attachment-204\" class=\"wp-caption-text\"><center><a href=\"https:\/\/www.uni-goettingen.de\/en\/1.html\" target=\"_blank\" rel=\"noopener\">University of G\u00f6ttingen<\/a><\/center><\/figcaption><\/figure><\/td>\n<\/tr>\n<tr>\n<td style=\"width: 99.8276%;\" colspan=\"2\">\n<p><figure id=\"attachment_203\" aria-describedby=\"caption-attachment-203\" style=\"width: 132px\" class=\"wp-caption aligncenter\"><a href=\"https:\/\/www.ku.dk\/english\/\" target=\"_blank\" rel=\"noopener\"><img loading=\"lazy\" decoding=\"async\" src=\"http:\/\/www.gril-ujkz.com\/wp-content\/uploads\/2022\/07\/univ-copenagen.png\" alt=\"\" width=\"132\" height=\"172\" \/><\/a><figcaption id=\"caption-attachment-203\" class=\"wp-caption-text\">University of Copenhagen<\/figcaption><\/figure><\/td>\n<\/tr>\n<\/tbody>\n<\/table>\n","protected":false},"excerpt":{"rendered":"<p>Urban Food Plus &#8211; African-German partnership to enhance resource use efficiency and improve food security in urban and peri-urban agriculture of West African cities<\/p>\n","protected":false},"author":1,"featured_media":66,"parent":0,"menu_order":0,"comment_status":"closed","ping_status":"closed","template":"","meta":{"footnotes":""},"class_list":["post-205","page","type-page","status-publish","has-post-thumbnail","hentry"],"_links":{"self":[{"href":"https:\/\/www.gril-ujkz.com\/index.php\/wp-json\/wp\/v2\/pages\/205","targetHints":{"allow":["GET"]}}],"collection":[{"href":"https:\/\/www.gril-ujkz.com\/index.php\/wp-json\/wp\/v2\/pages"}],"about":[{"href":"https:\/\/www.gril-ujkz.com\/index.php\/wp-json\/wp\/v2\/types\/page"}],"author":[{"embeddable":true,"href":"https:\/\/www.gril-ujkz.com\/index.php\/wp-json\/wp\/v2\/users\/1"}],"replies":[{"embeddable":true,"href":"https:\/\/www.gril-ujkz.com\/index.php\/wp-json\/wp\/v2\/comments?post=205"}],"version-history":[{"count":36,"href":"https:\/\/www.gril-ujkz.com\/index.php\/wp-json\/wp\/v2\/pages\/205\/revisions"}],"predecessor-version":[{"id":781,"href":"https:\/\/www.gril-ujkz.com\/index.php\/wp-json\/wp\/v2\/pages\/205\/revisions\/781"}],"wp:featuredmedia":[{"embeddable":true,"href":"https:\/\/www.gril-ujkz.com\/index.php\/wp-json\/wp\/v2\/media\/66"}],"wp:attachment":[{"href":"https:\/\/www.gril-ujkz.com\/index.php\/wp-json\/wp\/v2\/media?parent=205"}],"curies":[{"name":"wp","href":"https:\/\/api.w.org\/{rel}","templated":true}]}}