{"id":25,"date":"2022-06-21T13:42:42","date_gmt":"2022-06-21T11:42:42","guid":{"rendered":"http:\/\/gril\/?page_id=25"},"modified":"2022-07-15T15:35:11","modified_gmt":"2022-07-15T15:35:11","slug":"direction","status":"publish","type":"page","link":"https:\/\/www.gril-ujkz.com\/index.php\/direction\/","title":{"rendered":"Direction"},"content":{"rendered":"<p><u>Responsable<\/u> : <strong>Pr. Gabin KORBEOGO<\/strong><\/p>\n<p><u>Secr\u00e9tariat<\/u>\u00a0:\u00a0\u00a0 <strong>Franceline Mireille GOLANE<\/strong><\/p>\n<p style=\"text-align: center;\"><span style=\"text-decoration: underline;\"><strong>CONSEIL SCIENTIFIQUE<\/strong><\/span><\/p>\n<ul>\n<li><strong>\u00a0<\/strong><strong>Jean- Bernard OUEDRAOGO<\/strong>, Directeur de recherche,<\/li>\n<li><strong>Oumarou OUEDRAOGO<\/strong>, Professeur Titulaire,<\/li>\n<li><strong>Ali SANGARE<\/strong>, Directeur de recherche,<\/li>\n<li><strong>Renan Ernest TRAORE<\/strong>, Ma\u00eetre de Conf\u00e9rences,<\/li>\n<li><strong>No\u00ebl SANOU<\/strong>, Ma\u00eetre de Conf\u00e9rences,<\/li>\n<li><strong>Issa Sory<\/strong>, Ma\u00eetre de Conf\u00e9rences,<\/li>\n<li><strong>Gabin KORBEOGO<\/strong>, Professeur Titulaire<\/li>\n<\/ul>\n","protected":false},"excerpt":{"rendered":"<p>Responsable : Pr. Gabin KORBEOGO Secr\u00e9tariat\u00a0:\u00a0\u00a0 Franceline Mireille GOLANE CONSEIL SCIENTIFIQUE \u00a0Jean- Bernard OUEDRAOGO, Directeur de recherche, Oumarou OUEDRAOGO, Professeur Titulaire, Ali SANGARE, Directeur de recherche, Renan Ernest TRAORE, Ma\u00eetre de Conf\u00e9rences, No\u00ebl SANOU, Ma\u00eetre de Conf\u00e9rences, Issa Sory, Ma\u00eetre de Conf\u00e9rences, Gabin KORBEOGO, Professeur Titulaire<\/p>\n","protected":false},"author":1,"featured_media":67,"parent":0,"menu_order":0,"comment_status":"closed","ping_status":"closed","template":"templates\/template-full-width.php","meta":{"footnotes":""},"class_list":["post-25","page","type-page","status-publish","has-post-thumbnail","hentry"],"_links":{"self":[{"href":"https:\/\/www.gril-ujkz.com\/index.php\/wp-json\/wp\/v2\/pages\/25","targetHints":{"allow":["GET"]}}],"collection":[{"href":"https:\/\/www.gril-ujkz.com\/index.php\/wp-json\/wp\/v2\/pages"}],"about":[{"href":"https:\/\/www.gril-ujkz.com\/index.php\/wp-json\/wp\/v2\/types\/page"}],"author":[{"embeddable":true,"href":"https:\/\/www.gril-ujkz.com\/index.php\/wp-json\/wp\/v2\/users\/1"}],"replies":[{"embeddable":true,"href":"https:\/\/www.gril-ujkz.com\/index.php\/wp-json\/wp\/v2\/comments?post=25"}],"version-history":[{"count":4,"href":"https:\/\/www.gril-ujkz.com\/index.php\/wp-json\/wp\/v2\/pages\/25\/revisions"}],"predecessor-version":[{"id":224,"href":"https:\/\/www.gril-ujkz.com\/index.php\/wp-json\/wp\/v2\/pages\/25\/revisions\/224"}],"wp:featuredmedia":[{"embeddable":true,"href":"https:\/\/www.gril-ujkz.com\/index.php\/wp-json\/wp\/v2\/media\/67"}],"wp:attachment":[{"href":"https:\/\/www.gril-ujkz.com\/index.php\/wp-json\/wp\/v2\/media?parent=25"}],"curies":[{"name":"wp","href":"https:\/\/api.w.org\/{rel}","templated":true}]}}