{"id":26,"date":"2022-06-21T13:42:42","date_gmt":"2022-06-21T11:42:42","guid":{"rendered":"http:\/\/gril\/?page_id=26"},"modified":"2022-07-15T15:39:21","modified_gmt":"2022-07-15T15:39:21","slug":"les-equipes","status":"publish","type":"page","link":"https:\/\/www.gril-ujkz.com\/index.php\/les-equipes\/","title":{"rendered":"Les \u00e9quipes"},"content":{"rendered":"\r\n<h4 class=\"wp-block-heading\">Equipe I : <strong>Environnement, Globalisation, Savoir locaux, Lettres, M\u00e9thodologie<\/strong><\/h4>\r\n\r\n\r\n\r\n<ul class=\"wp-block-list\">\r\n<li><strong>Responsable d\u2019\u00e9quipe\u00a0: Dr TRAORE Renan Ernest, <\/strong>Ma\u00eetre de Conf\u00e9rences, (UJKZ)<\/li>\r\n<li><strong>Pr OUEDRAOGO Jean- Bernard<\/strong>, Directeur de recherche (CNRS-EHESS Paris, France)<\/li>\r\n<li><strong>Pr Georges COMPAORE<\/strong>, Professeur Titulaire (UJKZ)<\/li>\r\n<li><strong>Dr YAMEOGO Issaka<\/strong>, Ma\u00eetre- assistant (UNZK)<\/li>\r\n<li><strong>SANON Ahmed, <\/strong>Sociologue<\/li>\r\n<li><strong>SANOU No\u00ebl, <\/strong>Ma\u00eetre de conf\u00e9rences (UJKZ)<\/li>\r\n<li><strong>Dr YARABATIOULA Jacob, <\/strong>Ma\u00eetre- assistant (UJKZ)<\/li>\r\n<li><strong>Pr KORBEOGO Gabin, <\/strong>Professeur Titulaire, UJKZ<\/li>\r\n<li><strong>Pr SANGARE Ali<\/strong>, Directeur de recherche, INSS \/ CNRST<\/li>\r\n<li><strong>Dr Moussa KAMBIRE<\/strong>, Ma\u00eetre- assistant (UJKZ)<\/li>\r\n<li><strong>Pr OUEDRAOGO Oumarou<\/strong>, Professeur Titulaire (UJKZ)<\/li>\r\n<li><strong>BAMBARA Adama<\/strong>, Doctorant<\/li>\r\n<li><strong>SALAOU Sani, <\/strong>Doctorant<\/li>\r\n<li><strong>OUEDRAOGO Karim<\/strong>, Doctorant<\/li>\r\n<\/ul>\r\n\r\n\r\n\r\n<p>&nbsp;<\/p>\r\n\r\n\r\n\r\n<h4 class=\"wp-block-heading\"><strong>Equipe 2\u00a0: Territoires, Urbanit\u00e9, Syst\u00e8me de production, Mobilisations collectives<\/strong><\/h4>\r\n\r\n\r\n\r\n<ul class=\"wp-block-list\">\r\n<li>Responsable d\u2019\u00e9quipe\u00a0: <strong>SANGARE Ali<\/strong>, Directeur de recherche INSS \/ CNRST<\/li>\r\n<li><strong>Dr OUEDRAOGO T. Laurent, <\/strong>Ma\u00eetre- assistant (UJKZ)<\/li>\r\n<li><strong>SOME Paul Andr\u00e9, <\/strong>Sociologue<\/li>\r\n<li><strong>Dr LINGANI Salfo, <\/strong>Ma\u00eetre- assistant\u00a0(UJKZ)<\/li>\r\n<li><strong>Dr SORY Issa, <\/strong>Ma\u00eetre de conf\u00e9rences (UNZK)<\/li>\r\n<li><strong>Dr Habibou FOFANA<\/strong>, Ma\u00eetre- assistant (UTS)<\/li>\r\n<li><strong>Dr Yacouba CISSAO<\/strong>, Charg\u00e9 de recherche (CNRST)<\/li>\r\n<li><strong>TOE Carlos, <\/strong>Doctorant<\/li>\r\n<li><strong>ZIDOUEMBA Boukar\u00e9, <\/strong>Doctorant<\/li>\r\n<li><strong>Ouss\u00e9ni DOMBA<\/strong>, Sociologue<\/li>\r\n<li><strong>PEHOU Catherine, <\/strong>Doctorante<\/li>\r\n<li><strong>Jean-Alexandre W. DARGA<\/strong>, Sociologue<\/li>\r\n<li><strong>BAGAYA Ouahabou, <\/strong>Doctorant<\/li>\r\n<li><strong>SIGUE Moubassir\u00e9<\/strong>, Assistant (Centre Universitaire de Manga)<\/li>\r\n<\/ul>\r\n\r\n\r\n\r\n<p>&nbsp;<\/p>\r\n\r\n\r\n\r\n<h4 class=\"wp-block-heading\"><strong>Equipe 3\u00a0: Gouvernance, Sant\u00e9, Usages sociaux du droit, Genre<\/strong><\/h4>\r\n\r\n\r\n\r\n<ul class=\"wp-block-list\">\r\n<li><strong>Responsable d\u2019\u00e9quipe\u00a0: KORBEOGO Gabin, <\/strong>Professeur Titulaire (UJKZ)<\/li>\r\n<li><strong>Dr LINGANI Salfo, <\/strong>Ma\u00eetre- assistant\u00a0(UJKZ)<\/li>\r\n<li><strong>Dr SOMBIE Issa<\/strong>, Charg\u00e9 de recherche, INSS \/ CNRST<\/li>\r\n<li><strong>DIASSO Yankou<\/strong>, Assistant (UTS)<\/li>\r\n<li><strong>ILBOUDO S. David Olivier<\/strong>, Ma\u00eetre- assistant (UIFIC)\/UTS<\/li>\r\n<li><strong>ATTANE Anne<\/strong>, Anthropologue<\/li>\r\n<li><strong>DARGA Alexandre<\/strong>, Sociologue<\/li>\r\n<li><strong>SANOU Ariste Cl\u00e9mence<\/strong>, Sociologue<\/li>\r\n<li><strong>MAUD Saint- Lary<\/strong>, Anthropologue<\/li>\r\n<li><strong>SANOU Hamidou<\/strong>, Doctorant<\/li>\r\n<li><strong>KINDO Mamoudou<\/strong>, Doctorant<\/li>\r\n<li><strong>ROUAMBA In\u00e8s Fabienne<\/strong>, Doctorante<\/li>\r\n<\/ul>\r\n","protected":false},"excerpt":{"rendered":"<p>Equipe I : Environnement, Globalisation, Savoir locaux, Lettres, M\u00e9thodologie Responsable d\u2019\u00e9quipe\u00a0: Dr TRAORE Renan Ernest, Ma\u00eetre de Conf\u00e9rences, (UJKZ) Pr OUEDRAOGO Jean- Bernard, Directeur de recherche (CNRS-EHESS Paris, France) Pr Georges COMPAORE, Professeur Titulaire (UJKZ) Dr YAMEOGO Issaka, Ma\u00eetre- assistant (UNZK) SANON Ahmed, Sociologue SANOU No\u00ebl, Ma\u00eetre de conf\u00e9rences (UJKZ) Dr YARABATIOULA Jacob, Ma\u00eetre- assistant [&hellip;]<\/p>\n","protected":false},"author":1,"featured_media":70,"parent":0,"menu_order":0,"comment_status":"closed","ping_status":"closed","template":"","meta":{"footnotes":""},"class_list":["post-26","page","type-page","status-publish","has-post-thumbnail","hentry"],"_links":{"self":[{"href":"https:\/\/www.gril-ujkz.com\/index.php\/wp-json\/wp\/v2\/pages\/26","targetHints":{"allow":["GET"]}}],"collection":[{"href":"https:\/\/www.gril-ujkz.com\/index.php\/wp-json\/wp\/v2\/pages"}],"about":[{"href":"https:\/\/www.gril-ujkz.com\/index.php\/wp-json\/wp\/v2\/types\/page"}],"author":[{"embeddable":true,"href":"https:\/\/www.gril-ujkz.com\/index.php\/wp-json\/wp\/v2\/users\/1"}],"replies":[{"embeddable":true,"href":"https:\/\/www.gril-ujkz.com\/index.php\/wp-json\/wp\/v2\/comments?post=26"}],"version-history":[{"count":3,"href":"https:\/\/www.gril-ujkz.com\/index.php\/wp-json\/wp\/v2\/pages\/26\/revisions"}],"predecessor-version":[{"id":226,"href":"https:\/\/www.gril-ujkz.com\/index.php\/wp-json\/wp\/v2\/pages\/26\/revisions\/226"}],"wp:featuredmedia":[{"embeddable":true,"href":"https:\/\/www.gril-ujkz.com\/index.php\/wp-json\/wp\/v2\/media\/70"}],"wp:attachment":[{"href":"https:\/\/www.gril-ujkz.com\/index.php\/wp-json\/wp\/v2\/media?parent=26"}],"curies":[{"name":"wp","href":"https:\/\/api.w.org\/{rel}","templated":true}]}}