{"id":28,"date":"2022-06-21T13:42:42","date_gmt":"2022-06-21T11:42:42","guid":{"rendered":"http:\/\/gril\/?page_id=28"},"modified":"2022-07-15T15:41:46","modified_gmt":"2022-07-15T15:41:46","slug":"domaines-detudes","status":"publish","type":"page","link":"https:\/\/www.gril-ujkz.com\/index.php\/domaines-detudes\/","title":{"rendered":"Domaines d&rsquo;\u00e9tudes"},"content":{"rendered":"<p><b>Le GRIL oriente ses travaux de recherches sur les domaines suivants:\u00a0<\/b><\/p>\n<ul>\n<li>Genre et d\u00e9veloppement.<\/li>\n<li>Pratiques \u00e9conomiques.<\/li>\n<li>Population et sant\u00e9.<\/li>\n<li>Population et \u00e9ducation<\/li>\n<li>Strat\u00e9gies urbaines et d\u00e9centralisation.<\/li>\n<li>Structure de l&rsquo;espace politique locale.<\/li>\n<li>Consommation alimentaire urbaine.<\/li>\n<li>Gestion des institutions et des unit\u00e9s de production.<\/li>\n<li>Droit de l&rsquo;environnement.<\/li>\n<li>Droit foncier<\/li>\n<li>Conflits et violences communautaires.<\/li>\n<li>Migration et urbanisation.<\/li>\n<li>Am\u00e9nagement rural et Urbain<\/li>\n<li>Jeunesse, emploi et urbanit\u00e9<\/li>\n<li>Ecologie urbaine<\/li>\n<li>Transports urbains.<\/li>\n<\/ul>\n","protected":false},"excerpt":{"rendered":"<p>Le GRIL oriente ses travaux de recherches sur les domaines suivants:\u00a0 Genre et d\u00e9veloppement. Pratiques \u00e9conomiques. Population et sant\u00e9. Population et \u00e9ducation Strat\u00e9gies urbaines et d\u00e9centralisation. Structure de l&rsquo;espace politique locale. Consommation alimentaire urbaine. Gestion des institutions et des unit\u00e9s de production. Droit de l&rsquo;environnement. Droit foncier Conflits et violences communautaires. Migration et urbanisation. Am\u00e9nagement [&hellip;]<\/p>\n","protected":false},"author":1,"featured_media":69,"parent":0,"menu_order":0,"comment_status":"closed","ping_status":"closed","template":"","meta":{"footnotes":""},"class_list":["post-28","page","type-page","status-publish","has-post-thumbnail","hentry"],"_links":{"self":[{"href":"https:\/\/www.gril-ujkz.com\/index.php\/wp-json\/wp\/v2\/pages\/28","targetHints":{"allow":["GET"]}}],"collection":[{"href":"https:\/\/www.gril-ujkz.com\/index.php\/wp-json\/wp\/v2\/pages"}],"about":[{"href":"https:\/\/www.gril-ujkz.com\/index.php\/wp-json\/wp\/v2\/types\/page"}],"author":[{"embeddable":true,"href":"https:\/\/www.gril-ujkz.com\/index.php\/wp-json\/wp\/v2\/users\/1"}],"replies":[{"embeddable":true,"href":"https:\/\/www.gril-ujkz.com\/index.php\/wp-json\/wp\/v2\/comments?post=28"}],"version-history":[{"count":4,"href":"https:\/\/www.gril-ujkz.com\/index.php\/wp-json\/wp\/v2\/pages\/28\/revisions"}],"predecessor-version":[{"id":190,"href":"https:\/\/www.gril-ujkz.com\/index.php\/wp-json\/wp\/v2\/pages\/28\/revisions\/190"}],"wp:featuredmedia":[{"embeddable":true,"href":"https:\/\/www.gril-ujkz.com\/index.php\/wp-json\/wp\/v2\/media\/69"}],"wp:attachment":[{"href":"https:\/\/www.gril-ujkz.com\/index.php\/wp-json\/wp\/v2\/media?parent=28"}],"curies":[{"name":"wp","href":"https:\/\/api.w.org\/{rel}","templated":true}]}}