{"id":29,"date":"2022-06-21T13:42:42","date_gmt":"2022-06-21T11:42:42","guid":{"rendered":"http:\/\/gril\/?page_id=29"},"modified":"2025-10-21T05:48:24","modified_gmt":"2025-10-21T05:48:24","slug":"travaux-et-recherche","status":"publish","type":"page","link":"https:\/\/www.gril-ujkz.com\/index.php\/travaux-et-recherche\/","title":{"rendered":"Travaux et recherche"},"content":{"rendered":"<ul>\n<li>2011\u00a0: Les recompositions de l\u2019action publique dans la lutte contre le Sida au Burkina Faso, GRIL\/IRD.<\/li>\n<li>2010\u00a0: Entre villes et villages: femmes infect\u00e9es par le VIH\/SIDA, acc\u00e8s aux soins et relations de genre au Burkina Faso, GRIL\/IRD.<\/li>\n<li>2010 Femmes, sida, relations de genre et structures de sant\u00e9, GRIL\/IRD.<\/li>\n<li>2009: <em>Travail et soci\u00e9t\u00e9s au Burkina Faso. Technique, organisation, normes<\/em>, Paris, Harmattan<\/li>\n<li>2008: Lib\u00e9ralisation du commerce et contr\u00f4le de l&rsquo;Hygi\u00e8ne alimentaire \u00e0 Ouagadougou (Burkina Faso). GRIL\/ CODESRIA, 127p.<\/li>\n<li>2004\u00a0: Evaluation ex-post des projets finances sur le fonds social de d\u00e9veloppement (FSD) Service de coop\u00e9ration et d\u2019action culturelle, Ambassade de France, Ouagadougou.<\/li>\n<li>2004: (a) Etude sur les obstacles \u00e0 l&rsquo;acc\u00e8s des femmes aux services juridiques et judiciaires au Burkina Faso [Axe 1]<\/li>\n<li>(b) Revue critique des le\u00e7ons apprises dans l&rsquo;ex\u00e9cution d&rsquo;initiatives de vulgarisation du droit au Burkina Faso et d\u00e9finition d&rsquo;une strat\u00e9gie pour des initiatives durables de vulgarisation [Axe 2]: Septembre 2003, GRIL, Ouagadougou, BF, 2003, 131 p.<\/li>\n<li>2002\u00a0: Une anthropologie politique de la fange\u00a0: La souillure de la ville par les eaux us\u00e9es et les excr\u00e9tas \u00e0 Ouagadougou et Bobo-Dioulasso (Burkina Faso). Probl\u00e9matique de l&rsquo;am\u00e9nagement et de l&rsquo;assainissement urbain au Burkina Faso. Rapport commun GRIL (Universit\u00e9 de Ouagadougou\/ SHADYC (Ecole des Hautes Etudes en Sciences Sociales EHESS Marseille),<\/li>\n<li>2000: Des conditions de vie des femmes au Burkina Faso. Femmes du BF. Situation 1999-2000, GRIL, Observatoire Qui Vive, Ouagadougou, BF, 154 p.<\/li>\n<li>2000: \u00ab\u00a0Connaissance sur la gestion int\u00e9gr\u00e9e des ressources en eau au Burkina Faso, r\u00e9sultats d\u2019enqu\u00eate d\u2019opinion du suivi de la Conf\u00e9rence Ouest-Africaine sur la gestion int\u00e9gr\u00e9e des ressources en eau\u00a0\u00bb, GRIL, Minist\u00e8re de l\u2019environnement et de l\u2019eau, secr\u00e9tariat g\u00e9n\u00e9ral, direction g\u00e9n\u00e9rale de l\u2019hydraulique, programme GIRE.<\/li>\n<li>2000\u00a0: Le mariage par \u00ab\u00a0Don\u00a0\u00bb dans la soci\u00e9t\u00e9 burkinab\u00e9: cas de quatre localit\u00e9s. GRIL, Ouagadougou, BF,<\/li>\n<li>2000\u00a0: Les processus de d\u00e9centralisation et leurs incidences sur les services sociaux en Afrique de l&rsquo;Ouest et centrale. Rapport de recherche, Equipe du Burkina Faso, Ouagadougou, BF, F\u00e9v.<\/li>\n<li>1999\u00a0: Observatoire Qui-vive. Des conditions de vie des femmes au Burkina Faso.<\/li>\n<li>1999\u00a0: Rapport cumulatif d\u2019activit\u00e9 scientifique \u00ab\u00a0gestion urbaine d\u00e9localis\u00e9e et changement social au Burkina Faso\u00a0: Communaut\u00e9s, d\u00e9centralisation et urbanisation\u00a0\u00bb, Agence universitaire de la francophonie, Fonds francophone de la rechercher (FFR), Jeunes \u00e9quipes de recherche (JER)<\/li>\n<li>1998\u00a0: Les processus de d\u00e9centralisation et leurs incidences sur les services sociaux en Afrique de l\u2019Ouest et Centrale\u00ab\u00a0les donn\u00e9es actuelles de la d\u00e9centralisation au Burkina Faso\u00a0\u00bb<\/li>\n<li>-GRIL (1998) Recherche documentaire sant\u00e9\/Sud-Ouest (Rapport interm\u00e9diaire), GRIL, Ouagadougou, BF, Mai, 73 p.<\/li>\n<li>1998\u00a0: \u00ab\u00a0Les processus de d\u00e9centralisation et leurs incidence sur les services sociaux en Afrique de l&rsquo;Ouest et Centrale\u00a0\u00bb, Recherche CRDI\/PDM, Notes techniques, Ouagadougou, BF, Oct, 35 p.<\/li>\n<li>1998\u00a0: \u00ab\u00a0Les processus de d\u00e9centralisation et leurs incidences sur les services sociaux en Afrique de l&rsquo;Ouest et Centrale\u00a0\u00bb, Recherche CRDI\/PDM, Notes techniques, Ouagadougou, BF Nov, 35 p.<\/li>\n<li>1998\u00a0: \u00ab\u00a0Les processus de d\u00e9centralisation et leurs incidences sur les services sociaux en Afrique de l&rsquo;Ouest et Centrale\u00a0\u00bb, Recherche CRDI\/PDM, Notes Techniques, Ouagadougou, BF Dec, 21 p.<\/li>\n<li>1998\u00a0: \u00ab\u00a0Les processus de d\u00e9centralisation et leurs incidence sur les services sociaux en Afrique de l&rsquo;Ouest et Centrale\u00a0\u00bb. Recherche CRDI\/PDM, Notes techniques, Ouagadougou, BF, D\u00e9c, 11 p.<\/li>\n<li>Diallo Amadou, \u00ab\u00a0La fiscalit\u00e9 directe locale et le d\u00e9veloppement des collectivit\u00e9s territoriales au Burkina Faso\u00a0\u00bb, Notes et documents de recherche, GRIL, Ouagadougou BF N\u00b001\/Janv 96, 29 p.<\/li>\n<li>1996\u00a0: \u00a0\u00bb Ouahigouya et ses villages p\u00e9riph\u00e9riques: confrontation entre pratiques urbaines et logiques rurales\u00a0\u00bb, Notes de travail, GRIL, Ouagadougou, BF, N\u00b001\/D\u00e9c, 43 p.<\/li>\n<li>1996 : Initiatives locales et syst\u00e8mes sociaux urbains\u00a0: probl\u00e8mes de mise au travail des jeunes dans trois villes du Burkina Faso (Ouagadougou, Bobo-Dioulasso, Ouahigouya), GRIL\/SUPO Jeunes-Villes-Emplois<\/li>\n<li>1996\u00a0: \u00a0\u00bb Esquisse d&rsquo;une arch\u00e9ologie du peuplement: Inscriptions historiques et rapport sociaux actuels \u00e0 Boromo (Burkina Faso)\u00a0\u00bb, Notes de travail, GRIL, Ouagadougou, BF, N\u00b002\/ 22 p.<\/li>\n<li>1996\u00a0: \u00a0\u00bb Organisations non gouvernementales et administration publique face \u00e0 la satisfaction des besoins locaux (cas de la commune de Ouahigouya)\u00a0\u00bb GRIL, Ouagadougou, BF, N\u00b003\/, 11 p.<\/li>\n<li>1996\u00a0: \u00a0\u00bb Strat\u00e9gies communautaires locales et gestion politique communale \u00e0 Ouahigouya\u00a0\u00bb GRIL, Ouagadougou, BF, N\u00b004\/D\u00e9c, 24<\/li>\n<\/ul>\n<p>&nbsp;<\/p>\n<p>&nbsp;<\/p>\n","protected":false},"excerpt":{"rendered":"<p>2011\u00a0: Les recompositions de l\u2019action publique dans la lutte contre le Sida au Burkina Faso, GRIL\/IRD. 2010\u00a0: Entre villes et villages: femmes infect\u00e9es par le VIH\/SIDA, acc\u00e8s aux soins et relations de genre au Burkina Faso, GRIL\/IRD. 2010 Femmes, sida, relations de genre et structures de sant\u00e9, GRIL\/IRD. 2009: Travail et soci\u00e9t\u00e9s au Burkina Faso. [&hellip;]<\/p>\n","protected":false},"author":1,"featured_media":246,"parent":0,"menu_order":0,"comment_status":"closed","ping_status":"closed","template":"page-template\/page-with-left-sidebar.php","meta":{"footnotes":""},"class_list":["post-29","page","type-page","status-publish","has-post-thumbnail","hentry"],"_links":{"self":[{"href":"https:\/\/www.gril-ujkz.com\/index.php\/wp-json\/wp\/v2\/pages\/29","targetHints":{"allow":["GET"]}}],"collection":[{"href":"https:\/\/www.gril-ujkz.com\/index.php\/wp-json\/wp\/v2\/pages"}],"about":[{"href":"https:\/\/www.gril-ujkz.com\/index.php\/wp-json\/wp\/v2\/types\/page"}],"author":[{"embeddable":true,"href":"https:\/\/www.gril-ujkz.com\/index.php\/wp-json\/wp\/v2\/users\/1"}],"replies":[{"embeddable":true,"href":"https:\/\/www.gril-ujkz.com\/index.php\/wp-json\/wp\/v2\/comments?post=29"}],"version-history":[{"count":3,"href":"https:\/\/www.gril-ujkz.com\/index.php\/wp-json\/wp\/v2\/pages\/29\/revisions"}],"predecessor-version":[{"id":690,"href":"https:\/\/www.gril-ujkz.com\/index.php\/wp-json\/wp\/v2\/pages\/29\/revisions\/690"}],"wp:featuredmedia":[{"embeddable":true,"href":"https:\/\/www.gril-ujkz.com\/index.php\/wp-json\/wp\/v2\/media\/246"}],"wp:attachment":[{"href":"https:\/\/www.gril-ujkz.com\/index.php\/wp-json\/wp\/v2\/media?parent=29"}],"curies":[{"name":"wp","href":"https:\/\/api.w.org\/{rel}","templated":true}]}}