{"id":38,"date":"2022-06-21T14:00:33","date_gmt":"2022-06-21T12:00:33","guid":{"rendered":"http:\/\/gril\/?page_id=38"},"modified":"2022-08-02T14:19:07","modified_gmt":"2022-08-02T14:19:07","slug":"doctorants","status":"publish","type":"page","link":"https:\/\/www.gril-ujkz.com\/index.php\/doctorants\/","title":{"rendered":"Doctorants"},"content":{"rendered":"<ul style=\"list-style-type: disc;\">\n<li><strong>BAMBARA Adama<\/strong>\u00a0: Gestion Int\u00e9gr\u00e9e des Ressources en Eau dans le bassin du Nakanb\u00e9, commune de B\u00e9gu\u00e9do au Burkina Faso : pratiques endog\u00e8nes et strat\u00e9gies des acteurs.<\/li>\n<li><strong>SANOU Hamidou<\/strong>\u00a0: Usage des technologies de l&rsquo;information et de la communication (TIC) dans le syst\u00e8me de surveillance des maladies \u00e0 potentiel \u00e9pid\u00e9mique au Burkina Faso. Logiques d&rsquo;appropriation et interactions sociales.<\/li>\n<li><strong>ZIDOUEMBA Boukar\u00e9<\/strong>\u00a0: Processus d&rsquo;appropriation, effets induits et construction des probl\u00e8mes publics autour de l&rsquo;utilisation des pesticides dans l&rsquo;agriculture urbaine \u00e0 Ouagadougou.<\/li>\n<li><strong>SALAOU Makeri<\/strong>\u00a0: Enjeux du foncier et strat\u00e9gies des acteurs dans la gestion d\u00e9centralis\u00e9e de la for\u00eat class\u00e9e de Taki\u00e9ta, commune rurale de Garagoumssa, r\u00e9gion de Zinder (Niger).<\/li>\n<li><strong>OUEDRAOGO Karim<\/strong>\u00a0: Dynamique \u00e9cologique et strat\u00e9gies locales de r\u00e9sidence. De l&rsquo;\u00e9puisement des ressources v\u00e9g\u00e9tales \u00e0 la reconfiguration des syst\u00e8mes agropastoraux dans la r\u00e9gion de l&rsquo;Est et du Sahel (Burkina Faso).<\/li>\n<li><strong>KINDO Mahamoudou<\/strong>\u00a0: \u00c9mergence des transactions fonci\u00e8res marchandes. La fin des communs au Burkina Faso?<\/li>\n<\/ul>\n","protected":false},"excerpt":{"rendered":"<p>BAMBARA Adama\u00a0: Gestion Int\u00e9gr\u00e9e des Ressources en Eau dans le bassin du Nakanb\u00e9, commune de B\u00e9gu\u00e9do au Burkina Faso : pratiques endog\u00e8nes et strat\u00e9gies des acteurs. SANOU Hamidou\u00a0: Usage des technologies de l&rsquo;information et de la communication (TIC) dans le syst\u00e8me de surveillance des maladies \u00e0 potentiel \u00e9pid\u00e9mique au Burkina Faso. Logiques d&rsquo;appropriation et interactions [&hellip;]<\/p>\n","protected":false},"author":1,"featured_media":0,"parent":0,"menu_order":0,"comment_status":"closed","ping_status":"closed","template":"","meta":{"footnotes":""},"class_list":["post-38","page","type-page","status-publish","hentry"],"_links":{"self":[{"href":"https:\/\/www.gril-ujkz.com\/index.php\/wp-json\/wp\/v2\/pages\/38","targetHints":{"allow":["GET"]}}],"collection":[{"href":"https:\/\/www.gril-ujkz.com\/index.php\/wp-json\/wp\/v2\/pages"}],"about":[{"href":"https:\/\/www.gril-ujkz.com\/index.php\/wp-json\/wp\/v2\/types\/page"}],"author":[{"embeddable":true,"href":"https:\/\/www.gril-ujkz.com\/index.php\/wp-json\/wp\/v2\/users\/1"}],"replies":[{"embeddable":true,"href":"https:\/\/www.gril-ujkz.com\/index.php\/wp-json\/wp\/v2\/comments?post=38"}],"version-history":[{"count":3,"href":"https:\/\/www.gril-ujkz.com\/index.php\/wp-json\/wp\/v2\/pages\/38\/revisions"}],"predecessor-version":[{"id":283,"href":"https:\/\/www.gril-ujkz.com\/index.php\/wp-json\/wp\/v2\/pages\/38\/revisions\/283"}],"wp:attachment":[{"href":"https:\/\/www.gril-ujkz.com\/index.php\/wp-json\/wp\/v2\/media?parent=38"}],"curies":[{"name":"wp","href":"https:\/\/api.w.org\/{rel}","templated":true}]}}