{"id":40,"date":"2022-06-21T14:00:33","date_gmt":"2022-06-21T12:00:33","guid":{"rendered":"http:\/\/gril\/?page_id=40"},"modified":"2025-10-21T06:46:57","modified_gmt":"2025-10-21T06:46:57","slug":"projets","status":"publish","type":"page","link":"https:\/\/www.gril-ujkz.com\/index.php\/projets\/","title":{"rendered":"Projets et programmes"},"content":{"rendered":"<p style=\"text-align: center;\"><strong><u>PROGRAMME DE COOPERATION, D\u2019ACCUEIL D\u2019ALLOCATAIRES, DE FORMATION ET BOURSES D\u2019ETUDES<\/u><\/strong><\/p>\n<ul>\n<li>\n<hr \/>\n<p><strong>2012 \u00e0 Mars 2018: Danida Fellowship Centre \/ Denmark: Fragile Futures: Rural Lives in <\/strong><strong>Times of Conflict.<\/strong><\/li>\n<\/ul>\n<p>Programme de recherche et de formation, \u00ab\u00a0Fragile Futures\u00a0\u00bb implique trois \u00e9tudiants doctorant de l\u2019universit\u00e9 de Ouagadougou, b\u00e9n\u00e9ficiaires d\u2019une bourse doctorale. Ces doctorants sont inscrits en co-tutelle \u00e0 l\u2019Universit\u00e9 de Ouagadougou et l\u2019Universit\u00e9 de Copenhague. Ils sont dirig\u00e9s<!--more--> par le Pr Andr\u00e9 Soub\u00e9iga (Contact\u00a0: 78 06 72 36) et le Pr Alkassoum Maiga (Contact\u00a0: 78 86 47 50\/ 70 26 26 52) du d\u00e9partement de sociologie de l\u2019UFR\/SH de l\u2019Universit\u00e9 de Ouagadougou, en co-direction avec des enseignants du d\u00e9partement d\u2019Anthropologie de l\u2019universit\u00e9 de Copenhague au Danemark.<\/p>\n<p>L\u2019objectif ultime de ce programme est le renforcement des capacit\u00e9s scientifiques de l\u2019Universit\u00e9 de Ouagadougou, en l\u2019occurrence le d\u00e9partement de sociologie, par le biais de la formation de trois docteurs dans un partenariat impliquant les professeurs burkinab\u00e9 charg\u00e9s de leur encadrement.<\/p>\n<hr \/>\n<p><strong><u>Programme UrbanFoodPlus (UFP) \u00a0dirig\u00e9 par\u00a0 le Dr Gabin KORBEOGO <\/u><\/strong><strong>Partenaires\u00a0:<\/strong> Ex\u00e9cut\u00e9 en collaboration avec des universit\u00e9s allemandes en particulier l\u2019Universit\u00e9 de G\u00f6ttingen et des universit\u00e9s et instituts de recherche africains.<br \/>\n<strong>Dur\u00e9e\u00a0:<\/strong> 2013-2018<br \/>\n<strong>Activit\u00e9s de recherche\u00a0:<\/strong> Ateliers scientifiques et de restitution, participation \u00e0 des rencontres scientifiques (colloques, universit\u00e9 d\u2019\u00e9t\u00e9).<\/p>\n<p><span style=\"text-decoration: underline;\"><strong>Th\u00e8se de Master soutenus\u00a0:<\/strong> <\/span><\/p>\n<ol>\n<li><strong>ZONG- NABA Florentin<\/strong> : Strat\u00e9gie sociale d\u2019adaptation et d\u2019utilisation des technologies agricole : cas des fertilisants agricole dans les sites mara\u00eechers \u00e0 Ouagadougou. Soutenu le 26 juillet 2017<\/li>\n<li><strong>OUIYA R. Parfait\u00a0:<\/strong> Genre et agriculture urbaine : \u00e9tude de cas des productrices et des marchandes des laitues et de l\u2019amarante \u00e0 Ouagadougou (Burkina Faso) soutenu en Avril 2018.<\/li>\n<\/ol>\n<p><strong><span style=\"text-decoration: underline;\">Th\u00e8se de Master en cour\u00a0<\/span>:<\/strong> NEANT<br \/>\n<span style=\"text-decoration: underline;\"><b><u>Th\u00e8se de Doctorats (PhD) soutenue<\/u><\/b><\/span><b> :<\/b> NEANT<br \/>\n<span style=\"text-decoration: underline;\"><b style=\"text-decoration-line: underline;\">Th\u00e8se de Doctorat (<\/b><b><u>PhD<\/u><\/b><b style=\"text-decoration-line: underline;\">) en cour :<\/b><\/span> NEANT<\/p>\n<hr \/>\n<p><strong><u>Programme Fragile Futures\u00a0: <\/u><\/strong><strong><u>Rural Lives in <\/u><\/strong><strong><u>Times of Conflict dirig\u00e9 par le Dr Gabin KORBEOGO<\/u><\/strong><\/p>\n<p><strong>Partenaires\u00a0:<\/strong> Ex\u00e9cut\u00e9 en collaboration avec l\u2019Universit\u00e9 de Copenhague et des universit\u00e9s et instituts de recherche africains<br \/>\n<strong>Dur\u00e9e\u00a0:<\/strong> 2012-2018<br \/>\n<strong>Activit\u00e9s de recherche\u00a0:<\/strong> Ateliers scientifiques et de restitution, participation \u00e0 des rencontres scientifiques (colloques, universit\u00e9 d\u2019\u00e9t\u00e9)<\/p>\n<p><b><span style=\"text-decoration: underline;\">Th\u00e8se de Doctorat PhD soutenus<\/span> :<\/b><\/p>\n<ol>\n<li><strong>SOMBIE Issa\u00a0:<\/strong> Participation communautaire et gouvernance du syst\u00e8me de sant\u00e9 : dynamique, logique d\u2019acteurs, conflits et relations de pouvoir au Burkina Faso soutenu en 2015<\/li>\n<li><strong>\u00a0ILBOUDO David S. Olivier\u00a0:<\/strong> Relation de soins, conflits et<b> <\/b>attentes th\u00e9rapeutiques dans le village de Bama (Burkina Faso) soutenu en Novembre 2015<\/li>\n<li><strong>CISSAO Yacouba\u00a0: <\/strong>Etat, ruralit\u00e9 et gestion des conflits<strong>\u00a0<\/strong>dans le d\u00e9partement de Tenkodogo (Burkina Faso) soutenu le 26 Janvier 2018.<\/li>\n<\/ol>\n<p><strong><span style=\"text-decoration: underline;\">Th\u00e8se de Master en cour\u00a0<\/span>:<\/strong> NEANT<br \/>\n<strong><span style=\"text-decoration: underline;\">Th\u00e8se de Master soutenu\u00a0<\/span>:<\/strong> NEANT<strong><br \/>\n<\/strong><b><span style=\"text-decoration: underline;\">Th\u00e8se de Doctorat (PhD) en cour<\/span> : <\/b>NEANT<\/p>\n<hr \/>\n<p><strong><u>Programme ORANGE SA dirig\u00e9 par le Pr Jean- Bernard OUEDRAOGO<\/u><\/strong><\/p>\n<p><strong>Partenaires\u00a0:<\/strong> Ex\u00e9cut\u00e9 en collaboration avec ORANGE France.<br \/>\n<strong>Dur\u00e9e :<\/strong> 2012 \u00e0 nos jours.<br \/>\n<strong>Activit\u00e9s de recherche\u00a0:<\/strong> Pratiques de communication et de t\u00e9l\u00e9phonie mobile au Burkina Faso.<\/p>\n<hr \/>\n<p><strong><u>Programme CoEx_ CIRAD dirig\u00e9 par\u00a0 le Dr Laurent T. OUEDRAOGO<\/u><\/strong><\/p>\n<p><strong>Partenaires\u00a0:<\/strong> Ex\u00e9cut\u00e9 en collaboration avec le Centre de Coop\u00e9ration Internationale en Recherche Agronomique pour le D\u00e9veloppement \u00ab\u00a0CIRAD\u00a0\u00bb.<br \/>\n<strong>Dur\u00e9e\u00a0:<\/strong> 2018<br \/>\n<strong>Activit\u00e9s de recherche\u00a0:<\/strong> Ateliers scientifique et de restitution, participation \u00e0 des rencontres scientifiques (colloques)\u00a0; pr\u00e9paration et r\u00e9alisation des enqu\u00eates, analyses des donn\u00e9es et rapports, analyse des donn\u00e9es et interpr\u00e9tation des r\u00e9sultats.<\/p>\n<hr \/>\n<p><strong><u>Programme CIRAD dirig\u00e9 par le Dr Laurent T. OUEDRAOGO<\/u><\/strong><\/p>\n<p><strong>Partenaires\u00a0:<\/strong> Ex\u00e9cut\u00e9 en collaboration avec le Centre de Coop\u00e9ration Internationale en Recherche Agronomique pour le D\u00e9veloppement \u00ab\u00a0CIRAD\u00a0\u00bb.<br \/>\n<strong>Dur\u00e9e\u00a0:<\/strong> 2017-2020.<br \/>\n<strong>Activit\u00e9s de recherche\u00a0:<\/strong> Ateliers scientifiques et de restitution, participation \u00e0 des rencontres scientifiques (colloques, universit\u00e9 d\u2019\u00e9t\u00e9), pr\u00e9paration et r\u00e9alisation des enqu\u00eates, analyses des donn\u00e9es et rapports, analyse des donn\u00e9es et interpr\u00e9tation des r\u00e9sultats.<\/p>\n<p><span style=\"text-decoration: underline;\"><strong>Th\u00e8se de Master soutenu :<\/strong> <\/span><\/p>\n<ol>\n<li><strong>ZONGO Ouango Blaise<\/strong> : Dynamique semenci\u00e8re dans les communes de Sapouy et de Cassou : Quel rapport socio- spatiaux des communaut\u00e9s avec leurs semences dans les villages de Gallo,\u00a0Petit- boro, Kout\u00e9ra, Sourou et Tar\u00e9\u00a0?<\/li>\n<\/ol>\n<p><span style=\"text-decoration: underline;\"><strong>Th\u00e8se de Master en cours :<\/strong><\/span><\/p>\n<ol>\n<li><strong>OUEDRAOGO W. Alimatou<\/strong> : Le r\u00e9seau de diffusion des semences locales dans la commune de Latoden, Province du Passor\u00e9 (Burkina Faso).<\/li>\n<\/ol>\n<p><b><span style=\"text-decoration: underline;\">Th\u00e8se de Doctorats (PhD) soutenue<\/span> :<\/b> NEANT.<br \/>\n<span style=\"text-decoration: underline;\"><strong>Th\u00e8se de Doctorat (PhD) en cour<\/strong> <\/span>: NEANT.<\/p>\n<hr \/>\n<p><strong><u>Programme CNRS (Communs fonciers pour l\u2019habitat) dirig\u00e9 par le Dr Issa SORY<\/u><\/strong><\/p>\n<p><strong>Partenaires\u00a0:<\/strong> Ex\u00e9cut\u00e9 en collaboration avec le Centre National de la Recherche Scientifique\u00a0 \u00ab\u00a0CNRS\u00a0\u00bb.<br \/>\n<strong>Dur\u00e9e\u00a0:<\/strong> Octobre 2017 \u00e0 Octobre 2018.<br \/>\n<strong>Activit\u00e9s de recherche\u00a0:<\/strong> Ateliers scientifiques, participation \u00e0 des rencontres scientifiques (colloques, universit\u00e9 d\u2019\u00e9t\u00e9), pr\u00e9paration et r\u00e9alisation des enqu\u00eates, collectes et traitements des donn\u00e9es, r\u00e9daction des rapports et prise en charge d\u2019un \u00e9tudiant en Master.<\/p>\n<p><span style=\"text-decoration: underline;\"><strong>Th\u00e8se de Master soutenus\u00a0:<\/strong><\/span> NEANT<br \/>\n<strong><span style=\"text-decoration: underline;\">Th\u00e8se de Master en cour\u00a0<\/span>:<\/strong><\/p>\n<ol>\n<li><strong>SOME Avi\u00e8la Adama<\/strong> : Coop\u00e9rative d\u2019habitat : Une alternative \u00e0 la crise de logement ?<\/li>\n<\/ol>\n<p><span style=\"text-decoration: underline;\"><b><u>Th\u00e8se de Doctorats (PhD) soutenue\u00a0:<\/u><\/b><\/span> NEANT<br \/>\n<span style=\"text-decoration: underline;\"><b>Th\u00e8se de Doctorat (PhD) en cour :<\/b><\/span> NEANT<\/p>\n<hr \/>\n<p><strong><u>Programme Emerging Epidemics\u00a0: <\/u><\/strong><strong><em><u>Improving Preparedness in Burkina Faso<\/u><\/em><\/strong><strong><u> dirig\u00e9 par le Dr Gabin KORBEOGO<\/u><\/strong><\/p>\n<p><strong>Partenaires\u00a0:<\/strong> Ex\u00e9cut\u00e9 en collaboration avec l\u2019Universit\u00e9 de Copenhague et des universit\u00e9s et instituts de recherche africains<br \/>\n<strong>Dur\u00e9e\u00a0:<\/strong> 2018-2023<br \/>\n<strong>Activit\u00e9s de recherche\u00a0:<\/strong> Ateliers scientifiques et de restitution, participation \u00e0 des rencontres scientifiques (colloques, universit\u00e9 d\u2019\u00e9t\u00e9)<\/p>\n<p><span style=\"text-decoration: underline;\"><strong>Th\u00e8se de Master soutenus\u00a0:<\/strong><\/span> NEANT<br \/>\n<span style=\"text-decoration: underline;\"><strong>Th\u00e8se de Master en cour\u00a0:<\/strong><\/span> NEANT<br \/>\n<b><span style=\"text-decoration: underline;\">Th\u00e8se de Doctorats (PhD) en cour :<\/span>\u00a0<\/b><\/p>\n<ol>\n<li><strong> SANOU Hamidou : <\/strong>La sant\u00e9 connect\u00e9e : approche socio-anthropologique de l\u2019introduction des TIC dans le syst\u00e8me d\u2019information sanitaire au Burkina Faso<\/li>\n<li><strong>DIALLO Cheick Oumar\u00a0: <\/strong>Surveillance communautaire par t\u00e9l\u00e9phone des \u00e9v\u00e8nements de sant\u00e9 maternelle et infantile<\/li>\n<li><strong>\u00a0TYENOU D. Huguette\u00a0: <\/strong>D\u00e9tection pr\u00e9coce des \u00e9pid\u00e9mies au Burkina Faso : Analyse socio- anthropologique des perceptions de la contagion, des maladies infectieuses et des pratiques de soins dans les aires sanitaires de Dand\u00e9 et Dafra.<\/li>\n<\/ol>\n<p><span style=\"text-decoration: underline;\"><b><u>Th\u00e8se de Doctorat<\/u><span style=\"text-decoration: underline;\"> (PhD) <\/span><u>soutenue\u00a0<\/u><\/b><\/span><b>: <\/b>NEANT<\/p>\n","protected":false},"excerpt":{"rendered":"<p>PROGRAMME DE COOPERATION, D\u2019ACCUEIL D\u2019ALLOCATAIRES, DE FORMATION ET BOURSES D\u2019ETUDES 2012 \u00e0 Mars 2018: Danida Fellowship Centre \/ Denmark: Fragile Futures: Rural Lives in Times of Conflict. Programme de recherche et de formation, \u00ab\u00a0Fragile Futures\u00a0\u00bb implique trois \u00e9tudiants doctorant de l\u2019universit\u00e9 de Ouagadougou, b\u00e9n\u00e9ficiaires d\u2019une bourse doctorale. Ces doctorants sont inscrits en co-tutelle \u00e0 l\u2019Universit\u00e9 [&hellip;]<\/p>\n","protected":false},"author":1,"featured_media":280,"parent":0,"menu_order":0,"comment_status":"closed","ping_status":"closed","template":"","meta":{"footnotes":""},"class_list":["post-40","page","type-page","status-publish","has-post-thumbnail","hentry"],"_links":{"self":[{"href":"https:\/\/www.gril-ujkz.com\/index.php\/wp-json\/wp\/v2\/pages\/40","targetHints":{"allow":["GET"]}}],"collection":[{"href":"https:\/\/www.gril-ujkz.com\/index.php\/wp-json\/wp\/v2\/pages"}],"about":[{"href":"https:\/\/www.gril-ujkz.com\/index.php\/wp-json\/wp\/v2\/types\/page"}],"author":[{"embeddable":true,"href":"https:\/\/www.gril-ujkz.com\/index.php\/wp-json\/wp\/v2\/users\/1"}],"replies":[{"embeddable":true,"href":"https:\/\/www.gril-ujkz.com\/index.php\/wp-json\/wp\/v2\/comments?post=40"}],"version-history":[{"count":7,"href":"https:\/\/www.gril-ujkz.com\/index.php\/wp-json\/wp\/v2\/pages\/40\/revisions"}],"predecessor-version":[{"id":231,"href":"https:\/\/www.gril-ujkz.com\/index.php\/wp-json\/wp\/v2\/pages\/40\/revisions\/231"}],"wp:featuredmedia":[{"embeddable":true,"href":"https:\/\/www.gril-ujkz.com\/index.php\/wp-json\/wp\/v2\/media\/280"}],"wp:attachment":[{"href":"https:\/\/www.gril-ujkz.com\/index.php\/wp-json\/wp\/v2\/media?parent=40"}],"curies":[{"name":"wp","href":"https:\/\/api.w.org\/{rel}","templated":true}]}}